{"id":172,"date":"2024-12-12T01:22:09","date_gmt":"2024-12-12T01:22:09","guid":{"rendered":"https:\/\/wimagebaeudeservice.de\/?page_id=172"},"modified":"2025-10-20T17:54:07","modified_gmt":"2025-10-20T17:54:07","slug":"jobs","status":"publish","type":"page","link":"https:\/\/wimagebaeudeservice.de\/index.php\/jobs\/","title":{"rendered":"Jobs"},"content":{"rendered":"\t\t<div data-elementor-type=\"wp-page\" data-elementor-id=\"172\" class=\"elementor elementor-172\" data-elementor-post-type=\"page\">\n\t\t\t\t<div class=\"elementor-element elementor-element-4cf9b883 e-con-full e-flex e-con e-parent\" data-id=\"4cf9b883\" data-element_type=\"container\" data-e-type=\"container\">\n\t\t<div class=\"elementor-element elementor-element-2874cbf1 e-con-full e-flex e-con e-child\" data-id=\"2874cbf1\" data-element_type=\"container\" data-e-type=\"container\">\n\t\t\t\t<div class=\"elementor-element elementor-element-3b740a15 elementor-widget elementor-widget-heading\" data-id=\"3b740a15\" data-element_type=\"widget\" data-e-type=\"widget\" data-widget_type=\"heading.default\">\n\t\t\t\t<div class=\"elementor-widget-container\">\n\t\t\t\t\t<h1 class=\"elementor-heading-title elementor-size-default\">Jobs<\/h1>\t\t\t\t<\/div>\n\t\t\t\t<\/div>\n\t\t\t\t<div class=\"elementor-element elementor-element-6675c6f9 elementor-widget elementor-widget-text-editor\" data-id=\"6675c6f9\" data-element_type=\"widget\" data-e-type=\"widget\" data-widget_type=\"text-editor.default\">\n\t\t\t\t<div class=\"elementor-widget-container\">\n\t\t\t\t\t\t\t\t\t<p>Wir freuen uns auf jede Bewerbung!\u00a0<\/p><p>Wir suchen:\u00a0<\/p><p>Reinigungskraft (m\/w\/d)<\/p><p>Handwerklich begabter Mitarbeiter (m\/w\/d) f\u00fcr Gr\u00fcnpflege und Hausmeistert\u00e4tigkeiten gesucht<\/p><p>\u00a0<\/p>\t\t\t\t\t\t\t\t<\/div>\n\t\t\t\t<\/div>\n\t\t\t\t<\/div>\n\t\t<div class=\"elementor-element elementor-element-36a345c3 e-con-full e-flex e-con e-child\" data-id=\"36a345c3\" data-element_type=\"container\" data-e-type=\"container\">\n\t\t\t\t<div class=\"elementor-element elementor-element-630d2905 elementor-widget elementor-widget-image\" data-id=\"630d2905\" data-element_type=\"widget\" data-e-type=\"widget\" data-widget_type=\"image.default\">\n\t\t\t\t<div class=\"elementor-widget-container\">\n\t\t\t\t\t\t\t\t\t\t\t\t\t\t\t<img fetchpriority=\"high\" decoding=\"async\" width=\"800\" height=\"450\" src=\"https:\/\/wimagebaeudeservice.de\/wp-content\/uploads\/2024\/10\/6-1024x576.png\" class=\"attachment-large size-large wp-image-54\" alt=\"\" srcset=\"https:\/\/wimagebaeudeservice.de\/wp-content\/uploads\/2024\/10\/6-1024x576.png 1024w, https:\/\/wimagebaeudeservice.de\/wp-content\/uploads\/2024\/10\/6-300x169.png 300w, https:\/\/wimagebaeudeservice.de\/wp-content\/uploads\/2024\/10\/6-768x432.png 768w, https:\/\/wimagebaeudeservice.de\/wp-content\/uploads\/2024\/10\/6-1536x864.png 1536w, https:\/\/wimagebaeudeservice.de\/wp-content\/uploads\/2024\/10\/6.png 1920w\" sizes=\"(max-width: 800px) 100vw, 800px\" \/>\t\t\t\t\t\t\t\t\t\t\t\t\t\t\t<\/div>\n\t\t\t\t<\/div>\n\t\t\t\t<\/div>\n\t\t\t\t<\/div>\n\t\t<div class=\"elementor-element elementor-element-337025dc e-con-full e-flex e-con e-parent\" data-id=\"337025dc\" data-element_type=\"container\" data-e-type=\"container\" data-settings=\"{&quot;background_background&quot;:&quot;classic&quot;}\">\n\t\t<div class=\"elementor-element elementor-element-d48384 e-con-full e-flex e-con e-child\" data-id=\"d48384\" data-element_type=\"container\" data-e-type=\"container\">\n\t\t\t\t<div class=\"elementor-element elementor-element-47ab24fc elementor-widget elementor-widget-image\" data-id=\"47ab24fc\" data-element_type=\"widget\" data-e-type=\"widget\" data-widget_type=\"image.default\">\n\t\t\t\t<div class=\"elementor-widget-container\">\n\t\t\t\t\t\t\t\t\t\t\t\t\t\t\t<img decoding=\"async\" width=\"800\" height=\"450\" src=\"https:\/\/wimagebaeudeservice.de\/wp-content\/uploads\/2024\/10\/9-1-1024x576.png\" class=\"attachment-large size-large wp-image-59\" alt=\"\" srcset=\"https:\/\/wimagebaeudeservice.de\/wp-content\/uploads\/2024\/10\/9-1-1024x576.png 1024w, https:\/\/wimagebaeudeservice.de\/wp-content\/uploads\/2024\/10\/9-1-300x169.png 300w, https:\/\/wimagebaeudeservice.de\/wp-content\/uploads\/2024\/10\/9-1-768x432.png 768w, https:\/\/wimagebaeudeservice.de\/wp-content\/uploads\/2024\/10\/9-1-1536x864.png 1536w, https:\/\/wimagebaeudeservice.de\/wp-content\/uploads\/2024\/10\/9-1.png 1920w\" sizes=\"(max-width: 800px) 100vw, 800px\" \/>\t\t\t\t\t\t\t\t\t\t\t\t\t\t\t<\/div>\n\t\t\t\t<\/div>\n\t\t\t\t<\/div>\n\t\t<div class=\"elementor-element elementor-element-129faeec e-con-full e-flex e-con e-child\" data-id=\"129faeec\" data-element_type=\"container\" data-e-type=\"container\">\n\t\t\t\t<div class=\"elementor-element elementor-element-47b8c38f elementor-align-start elementor-icon-list--layout-traditional elementor-list-item-link-full_width elementor-widget elementor-widget-icon-list\" data-id=\"47b8c38f\" data-element_type=\"widget\" data-e-type=\"widget\" data-widget_type=\"icon-list.default\">\n\t\t\t\t<div class=\"elementor-widget-container\">\n\t\t\t\t\t\t\t<ul class=\"elementor-icon-list-items\">\n\t\t\t\t\t\t\t<li class=\"elementor-icon-list-item\">\n\t\t\t\t\t\t\t\t\t\t<span class=\"elementor-icon-list-text\"><b>Email:<\/b> jobs@wimagebaeudeservice.de<\/span>\n\t\t\t\t\t\t\t\t\t<\/li>\n\t\t\t\t\t\t\t\t<li class=\"elementor-icon-list-item\">\n\t\t\t\t\t\t\t\t\t\t\t<span class=\"elementor-icon-list-icon\">\n\t\t\t\t\t\t\t<svg aria-hidden=\"true\" class=\"e-font-icon-svg e-fas-phone\" viewBox=\"0 0 512 512\" xmlns=\"http:\/\/www.w3.org\/2000\/svg\"><path d=\"M493.4 24.6l-104-24c-11.3-2.6-22.9 3.3-27.5 13.9l-48 112c-4.2 9.8-1.4 21.3 6.9 28l60.6 49.6c-36 76.7-98.9 140.5-177.2 177.2l-49.6-60.6c-6.8-8.3-18.2-11.1-28-6.9l-112 48C3.9 366.5-2 378.1.6 389.4l24 104C27.1 504.2 36.7 512 48 512c256.1 0 464-207.5 464-464 0-11.2-7.7-20.9-18.6-23.4z\"><\/path><\/svg>\t\t\t\t\t\t<\/span>\n\t\t\t\t\t\t\t\t\t\t<span class=\"elementor-icon-list-text\"><\/span>\n\t\t\t\t\t\t\t\t\t<\/li>\n\t\t\t\t\t\t<\/ul>\n\t\t\t\t\t\t<\/div>\n\t\t\t\t<\/div>\n\t\t\t\t<\/div>\n\t\t\t\t<\/div>\n\t\t\t\t<\/div>\n\t\t","protected":false},"excerpt":{"rendered":"<p>Jobs Wir freuen uns auf jede Bewerbung!\u00a0 Wir suchen:\u00a0 Reinigungskraft (m\/w\/d) Handwerklich begabter Mitarbeiter (m\/w\/d) f\u00fcr Gr\u00fcnpflege und Hausmeistert\u00e4tigkeiten gesucht \u00a0 Email: jobs@wimagebaeudeservice.de<\/p>\n","protected":false},"author":1,"featured_media":0,"parent":0,"menu_order":0,"comment_status":"closed","ping_status":"closed","template":"","meta":{"footnotes":""},"class_list":["post-172","page","type-page","status-publish","hentry"],"_links":{"self":[{"href":"https:\/\/wimagebaeudeservice.de\/index.php\/wp-json\/wp\/v2\/pages\/172","targetHints":{"allow":["GET"]}}],"collection":[{"href":"https:\/\/wimagebaeudeservice.de\/index.php\/wp-json\/wp\/v2\/pages"}],"about":[{"href":"https:\/\/wimagebaeudeservice.de\/index.php\/wp-json\/wp\/v2\/types\/page"}],"author":[{"embeddable":true,"href":"https:\/\/wimagebaeudeservice.de\/index.php\/wp-json\/wp\/v2\/users\/1"}],"replies":[{"embeddable":true,"href":"https:\/\/wimagebaeudeservice.de\/index.php\/wp-json\/wp\/v2\/comments?post=172"}],"version-history":[{"count":13,"href":"https:\/\/wimagebaeudeservice.de\/index.php\/wp-json\/wp\/v2\/pages\/172\/revisions"}],"predecessor-version":[{"id":308,"href":"https:\/\/wimagebaeudeservice.de\/index.php\/wp-json\/wp\/v2\/pages\/172\/revisions\/308"}],"wp:attachment":[{"href":"https:\/\/wimagebaeudeservice.de\/index.php\/wp-json\/wp\/v2\/media?parent=172"}],"curies":[{"name":"wp","href":"https:\/\/api.w.org\/{rel}","templated":true}]}}